{"id":489,"date":"2020-07-07T12:23:00","date_gmt":"2020-07-07T10:23:00","guid":{"rendered":"https:\/\/joia-da-foia.com\/?page_id=489"},"modified":"2025-12-23T06:24:56","modified_gmt":"2025-12-23T05:24:56","slug":"mentions-legales","status":"publish","type":"page","link":"https:\/\/joia-da-foia.com\/fr\/mentions-legales\/","title":{"rendered":"Mentions l\u00e9gales"},"content":{"rendered":"<p>[et_pb_section fb_built=\u00a0\u00bb1&Prime; _builder_version=\u00a0\u00bb4.16&Prime; global_colors_info=\u00a0\u00bb{}\u00a0\u00bb][et_pb_row _builder_version=\u00a0\u00bb4.16&Prime; global_colors_info=\u00a0\u00bb{}\u00a0\u00bb][et_pb_column type=\u00a0\u00bb4_4&Prime; _builder_version=\u00a0\u00bb4.16&Prime; global_colors_info=\u00a0\u00bb{}\u00a0\u00bb][et_pb_text _builder_version=\u00a0\u00bb4.27.5&Prime; global_colors_info=\u00a0\u00bb{}\u00a0\u00bb]<\/p>\n<h1>Mentions l\u00e9gales<\/h1>\n<p>[\/et_pb_text][et_pb_text _builder_version=\u00a0\u00bb4.27.5&Prime; global_colors_info=\u00a0\u00bb{}\u00a0\u00bb]<\/p>\n<h3>Adresse de contact<\/h3>\n<p>Joia da Foia Bed &amp; Breakfast<br \/>\nMagicview Lda<br \/>\nEstrada da Foia, Belem<br \/>\n8550-218 Monchique \/ Portugal<br \/>\nEmail: info@joia-da-foia.com<\/p>\n<h3>Clause de non-responsabilit\u00e9<\/h3>\n<p>Les informations publi\u00e9es sur ce site sont fournies sans garantie quant \u00e0 leur exactitude, leur exhaustivit\u00e9 ou leur actualit\u00e9. Toute responsabilit\u00e9 pour des dommages mat\u00e9riels ou immat\u00e9riels r\u00e9sultant de l\u2019utilisation ou de l\u2019impossibilit\u00e9 d\u2019utiliser les informations disponibles, d\u2019un usage abusif de la connexion ou d\u2019erreurs techniques est exclue.<br \/>\nNous nous r\u00e9servons le droit de modifier, compl\u00e9ter ou supprimer des contenus du site \u00e0 tout moment et sans pr\u00e9avis.<\/p>\n<h3>Responsabilit\u00e9 pour les liens externes<\/h3>\n<p>Ce site contient des liens vers des sites Internet de tiers. Nous n\u2019assumons aucune responsabilit\u00e9 concernant le contenu de ces sites, qui rel\u00e8ve exclusivement de la responsabilit\u00e9 de leurs exploitants. L\u2019acc\u00e8s et l\u2019utilisation de ces sites se font sous la propre responsabilit\u00e9 de l\u2019utilisateur ou de l\u2019utilisatrice.<\/p>\n<h3>Droits d\u2019auteur<\/h3>\n<p>Les contenus, images, photos et autres fichiers figurant sur ce site sont prot\u00e9g\u00e9s par le droit d\u2019auteur. Ils appartiennent \u00e0 Joia da Foia Bed &#038; Breakfast Magicview Lda ou aux titulaires de droits mentionn\u00e9s. Toute reproduction, diffusion ou utilisation de ces \u00e9l\u00e9ments requiert l\u2019autorisation \u00e9crite pr\u00e9alable des d\u00e9tenteurs des droits.[\/et_pb_text][\/et_pb_column][\/et_pb_row][\/et_pb_section]<\/p>\n","protected":false},"excerpt":{"rendered":"<p>Mentions l\u00e9galesAdresse de contact Joia da Foia Bed &amp; Breakfast Magicview Lda Estrada da Foia, Belem 8550-218 Monchique \/ Portugal Email: info@joia-da-foia.com Clause de non-responsabilit\u00e9 Les informations publi\u00e9es sur ce site sont fournies sans garantie quant \u00e0 leur exactitude, leur exhaustivit\u00e9 ou leur actualit\u00e9. Toute responsabilit\u00e9 pour des dommages mat\u00e9riels ou immat\u00e9riels r\u00e9sultant de l\u2019utilisation [&hellip;]<\/p>\n","protected":false},"author":1,"featured_media":0,"parent":0,"menu_order":0,"comment_status":"closed","ping_status":"closed","template":"","meta":{"_et_pb_use_builder":"on","_et_pb_old_content":"","_et_gb_content_width":"","editor_notices":[],"footnotes":""},"class_list":["post-489","page","type-page","status-publish","hentry"],"yoast_head":"<!-- This site is optimized with the Yoast SEO plugin v27.2 - https:\/\/yoast.com\/product\/yoast-seo-wordpress\/ -->\n<title>Mentions l\u00e9gales - Joia da Foia | Bed and Breakfast in Monchique<\/title>\n<meta name=\"description\" content=\"B+ B Joia-da-Foia | Estrada da Foia | Belem | CCI 8108550-218 Monchique (Portugal).\" \/>\n<meta name=\"robots\" content=\"index, follow, max-snippet:-1, max-image-preview:large, max-video-preview:-1\" \/>\n<link rel=\"canonical\" href=\"https:\/\/joia-da-foia.com\/fr\/mentions-legales\/\" \/>\n<meta property=\"og:locale\" content=\"fr_FR\" \/>\n<meta property=\"og:type\" content=\"article\" \/>\n<meta property=\"og:title\" content=\"Mentions l\u00e9gales - Joia da Foia | Bed and Breakfast in Monchique\" \/>\n<meta property=\"og:description\" content=\"B+ B Joia-da-Foia | Estrada da Foia | Belem | CCI 8108550-218 Monchique (Portugal).\" \/>\n<meta property=\"og:url\" content=\"https:\/\/joia-da-foia.com\/fr\/mentions-legales\/\" \/>\n<meta property=\"og:site_name\" content=\"Joia da Foia - Chambres d&#039;h\u00f4tes \u00e0 Monchique, au Portugal\" \/>\n<meta property=\"article:modified_time\" content=\"2025-12-23T05:24:56+00:00\" \/>\n<meta name=\"twitter:card\" content=\"summary_large_image\" \/>\n<meta name=\"twitter:label1\" content=\"Dur\u00e9e de lecture estim\u00e9e\" \/>\n\t<meta name=\"twitter:data1\" content=\"2 minutes\" \/>\n<script type=\"application\/ld+json\" class=\"yoast-schema-graph\">{\"@context\":\"https:\/\/schema.org\",\"@graph\":[{\"@type\":\"WebPage\",\"@id\":\"https:\/\/joia-da-foia.com\/fr\/mentions-legales\/\",\"url\":\"https:\/\/joia-da-foia.com\/fr\/mentions-legales\/\",\"name\":\"Mentions l\u00e9gales - Joia da Foia | Bed and Breakfast in Monchique\",\"isPartOf\":{\"@id\":\"https:\/\/joia-da-foia.com\/fr\/#website\"},\"datePublished\":\"2020-07-07T10:23:00+00:00\",\"dateModified\":\"2025-12-23T05:24:56+00:00\",\"description\":\"B+ B Joia-da-Foia | Estrada da Foia | Belem | CCI 8108550-218 Monchique (Portugal).\",\"breadcrumb\":{\"@id\":\"https:\/\/joia-da-foia.com\/fr\/mentions-legales\/#breadcrumb\"},\"inLanguage\":\"fr-FR\",\"potentialAction\":[{\"@type\":\"ReadAction\",\"target\":[\"https:\/\/joia-da-foia.com\/fr\/mentions-legales\/\"]}]},{\"@type\":\"BreadcrumbList\",\"@id\":\"https:\/\/joia-da-foia.com\/fr\/mentions-legales\/#breadcrumb\",\"itemListElement\":[{\"@type\":\"ListItem\",\"position\":1,\"name\":\"Startseite\",\"item\":\"https:\/\/joia-da-foia.com\/fr\/\"},{\"@type\":\"ListItem\",\"position\":2,\"name\":\"Mentions l\u00e9gales\"}]},{\"@type\":\"WebSite\",\"@id\":\"https:\/\/joia-da-foia.com\/fr\/#website\",\"url\":\"https:\/\/joia-da-foia.com\/fr\/\",\"name\":\"Joia da Foia - Chambres d&#039;h\u00f4tes \u00e0 Monchique, au Portugal\",\"description\":\"Bed and Breakfast in Monchique (Portugal)\",\"publisher\":{\"@id\":\"https:\/\/joia-da-foia.com\/fr\/#organization\"},\"potentialAction\":[{\"@type\":\"SearchAction\",\"target\":{\"@type\":\"EntryPoint\",\"urlTemplate\":\"https:\/\/joia-da-foia.com\/fr\/?s={search_term_string}\"},\"query-input\":{\"@type\":\"PropertyValueSpecification\",\"valueRequired\":true,\"valueName\":\"search_term_string\"}}],\"inLanguage\":\"fr-FR\"},{\"@type\":\"Organization\",\"@id\":\"https:\/\/joia-da-foia.com\/fr\/#organization\",\"name\":\"B & B Joia-da-Foia\",\"url\":\"https:\/\/joia-da-foia.com\/fr\/\",\"logo\":{\"@type\":\"ImageObject\",\"inLanguage\":\"fr-FR\",\"@id\":\"https:\/\/joia-da-foia.com\/fr\/#\/schema\/logo\/image\/\",\"url\":\"https:\/\/joia-da-foia.com\/wp-content\/uploads\/2021\/10\/logo-joia-da-foia.png\",\"contentUrl\":\"https:\/\/joia-da-foia.com\/wp-content\/uploads\/2021\/10\/logo-joia-da-foia.png\",\"width\":300,\"height\":189,\"caption\":\"B & B Joia-da-Foia\"},\"image\":{\"@id\":\"https:\/\/joia-da-foia.com\/fr\/#\/schema\/logo\/image\/\"}}]}<\/script>\n<!-- \/ Yoast SEO plugin. -->","yoast_head_json":{"title":"Mentions l\u00e9gales - Joia da Foia | Bed and Breakfast in Monchique","description":"B+ B Joia-da-Foia | Estrada da Foia | Belem | CCI 8108550-218 Monchique (Portugal).","robots":{"index":"index","follow":"follow","max-snippet":"max-snippet:-1","max-image-preview":"max-image-preview:large","max-video-preview":"max-video-preview:-1"},"canonical":"https:\/\/joia-da-foia.com\/fr\/mentions-legales\/","og_locale":"fr_FR","og_type":"article","og_title":"Mentions l\u00e9gales - Joia da Foia | Bed and Breakfast in Monchique","og_description":"B+ B Joia-da-Foia | Estrada da Foia | Belem | CCI 8108550-218 Monchique (Portugal).","og_url":"https:\/\/joia-da-foia.com\/fr\/mentions-legales\/","og_site_name":"Joia da Foia - Chambres d&#039;h\u00f4tes \u00e0 Monchique, au Portugal","article_modified_time":"2025-12-23T05:24:56+00:00","twitter_card":"summary_large_image","twitter_misc":{"Dur\u00e9e de lecture estim\u00e9e":"2 minutes"},"schema":{"@context":"https:\/\/schema.org","@graph":[{"@type":"WebPage","@id":"https:\/\/joia-da-foia.com\/fr\/mentions-legales\/","url":"https:\/\/joia-da-foia.com\/fr\/mentions-legales\/","name":"Mentions l\u00e9gales - Joia da Foia | Bed and Breakfast in Monchique","isPartOf":{"@id":"https:\/\/joia-da-foia.com\/fr\/#website"},"datePublished":"2020-07-07T10:23:00+00:00","dateModified":"2025-12-23T05:24:56+00:00","description":"B+ B Joia-da-Foia | Estrada da Foia | Belem | CCI 8108550-218 Monchique (Portugal).","breadcrumb":{"@id":"https:\/\/joia-da-foia.com\/fr\/mentions-legales\/#breadcrumb"},"inLanguage":"fr-FR","potentialAction":[{"@type":"ReadAction","target":["https:\/\/joia-da-foia.com\/fr\/mentions-legales\/"]}]},{"@type":"BreadcrumbList","@id":"https:\/\/joia-da-foia.com\/fr\/mentions-legales\/#breadcrumb","itemListElement":[{"@type":"ListItem","position":1,"name":"Startseite","item":"https:\/\/joia-da-foia.com\/fr\/"},{"@type":"ListItem","position":2,"name":"Mentions l\u00e9gales"}]},{"@type":"WebSite","@id":"https:\/\/joia-da-foia.com\/fr\/#website","url":"https:\/\/joia-da-foia.com\/fr\/","name":"Joia da Foia - Chambres d&#039;h\u00f4tes \u00e0 Monchique, au Portugal","description":"Bed and Breakfast in Monchique (Portugal)","publisher":{"@id":"https:\/\/joia-da-foia.com\/fr\/#organization"},"potentialAction":[{"@type":"SearchAction","target":{"@type":"EntryPoint","urlTemplate":"https:\/\/joia-da-foia.com\/fr\/?s={search_term_string}"},"query-input":{"@type":"PropertyValueSpecification","valueRequired":true,"valueName":"search_term_string"}}],"inLanguage":"fr-FR"},{"@type":"Organization","@id":"https:\/\/joia-da-foia.com\/fr\/#organization","name":"B & B Joia-da-Foia","url":"https:\/\/joia-da-foia.com\/fr\/","logo":{"@type":"ImageObject","inLanguage":"fr-FR","@id":"https:\/\/joia-da-foia.com\/fr\/#\/schema\/logo\/image\/","url":"https:\/\/joia-da-foia.com\/wp-content\/uploads\/2021\/10\/logo-joia-da-foia.png","contentUrl":"https:\/\/joia-da-foia.com\/wp-content\/uploads\/2021\/10\/logo-joia-da-foia.png","width":300,"height":189,"caption":"B & B Joia-da-Foia"},"image":{"@id":"https:\/\/joia-da-foia.com\/fr\/#\/schema\/logo\/image\/"}}]}},"_links":{"self":[{"href":"https:\/\/joia-da-foia.com\/fr\/wp-json\/wp\/v2\/pages\/489","targetHints":{"allow":["GET"]}}],"collection":[{"href":"https:\/\/joia-da-foia.com\/fr\/wp-json\/wp\/v2\/pages"}],"about":[{"href":"https:\/\/joia-da-foia.com\/fr\/wp-json\/wp\/v2\/types\/page"}],"author":[{"embeddable":true,"href":"https:\/\/joia-da-foia.com\/fr\/wp-json\/wp\/v2\/users\/1"}],"replies":[{"embeddable":true,"href":"https:\/\/joia-da-foia.com\/fr\/wp-json\/wp\/v2\/comments?post=489"}],"version-history":[{"count":9,"href":"https:\/\/joia-da-foia.com\/fr\/wp-json\/wp\/v2\/pages\/489\/revisions"}],"predecessor-version":[{"id":800696,"href":"https:\/\/joia-da-foia.com\/fr\/wp-json\/wp\/v2\/pages\/489\/revisions\/800696"}],"wp:attachment":[{"href":"https:\/\/joia-da-foia.com\/fr\/wp-json\/wp\/v2\/media?parent=489"}],"curies":[{"name":"wp","href":"https:\/\/api.w.org\/{rel}","templated":true}]}}