{"id":493,"date":"2020-07-07T12:27:04","date_gmt":"2020-07-07T10:27:04","guid":{"rendered":"https:\/\/joia-da-foia.com\/?page_id=493"},"modified":"2025-12-23T08:13:28","modified_gmt":"2025-12-23T07:13:28","slug":"politique-de-confidentialite","status":"publish","type":"page","link":"https:\/\/joia-da-foia.com\/fr\/politique-de-confidentialite\/","title":{"rendered":"Politique de confidentialit\u00e9"},"content":{"rendered":"<p>[et_pb_section fb_built=\u00a0\u00bb1&Prime; _builder_version=\u00a0\u00bb4.16&Prime; global_colors_info=\u00a0\u00bb{}\u00a0\u00bb][et_pb_row _builder_version=\u00a0\u00bb4.16&Prime; global_colors_info=\u00a0\u00bb{}\u00a0\u00bb][et_pb_column type=\u00a0\u00bb4_4&Prime; _builder_version=\u00a0\u00bb4.16&Prime; global_colors_info=\u00a0\u00bb{}\u00a0\u00bb][et_pb_text _builder_version=\u00a0\u00bb4.27.5&Prime; _module_preset=\u00a0\u00bbdefault\u00a0\u00bb hover_enabled=\u00a0\u00bb0&Prime; global_colors_info=\u00a0\u00bb{}\u00a0\u00bb sticky_enabled=\u00a0\u00bb0&Prime;]<\/p>\n<h1>Politique de confidentialit\u00e9<\/h1>\n<p><strong>1. Introduction<\/strong><br \/>La pr\u00e9sente politique de confidentialit\u00e9 informe les utilisateurs sur la nature, l\u2019\u00e9tendue et les finalit\u00e9s du traitement des donn\u00e9es personnelles conform\u00e9ment au R\u00e8glement (UE) 2016\/679 (R\u00e8glement g\u00e9n\u00e9ral sur la protection des donn\u00e9es \u2013 RGPD).<\/p>\n<p><strong>2. Responsable du traitement<\/strong><br \/>Le responsable du traitement des donn\u00e9es sur ce site Internet est :<\/p>\n<p>Joia da Foia Bed &amp; Breakfast<br \/>Magicview Lda<br \/>Estrada da Foia, Belem<br \/>8550-218 Monchique \/ Portugal<br \/>Email: info@joia-da-foia.com<br \/>Mentions legales: <a href=\"https:\/\/joia-da-foia.com\/fr\/mentions-legales\/\">https:\/\/joia-da-foia.com\/fr\/mentions-legales\/<\/a><\/p>\n<p><strong>3. Collecte et traitement des donn\u00e9es personnelles<br \/><\/strong>Les donn\u00e9es personnelles sont trait\u00e9es uniquement lorsque la loi l\u2019autorise ou lorsque l\u2019utilisateur a donn\u00e9 son consentement.<br \/>Les donn\u00e9es personnelles d\u00e9signent toute information se rapportant \u00e0 une personne physique identifi\u00e9e ou identifiable.<\/p>\n<p><strong>4. Contact<\/strong><br \/>Lors d\u2019une prise de contact par e-mail, par t\u00e9l\u00e9phone ou via un formulaire de contact, les donn\u00e9es personnelles transmises par l\u2019utilisateur sont trait\u00e9es afin de r\u00e9pondre \u00e0 la demande.<\/p>\n<p>La base juridique du traitement est l\u2019article 6, paragraphe 1, point b du RGPD, lorsque la demande est li\u00e9e \u00e0 la conclusion d\u2019un contrat ou \u00e0 des mesures pr\u00e9contractuelles. Dans les autres cas, le traitement repose sur l\u2019article 6, paragraphe 1, point f du RGPD (int\u00e9r\u00eat l\u00e9gitime \u00e0 r\u00e9pondre aux demandes).<\/p>\n<p>Les donn\u00e9es sont supprim\u00e9es d\u00e8s qu\u2019elles ne sont plus n\u00e9cessaires \u00e0 la finalit\u00e9 pour laquelle elles ont \u00e9t\u00e9 collect\u00e9es, sous r\u00e9serve des obligations l\u00e9gales de conservation.<\/p>\n<p><strong>5. Demandes de r\u00e9servation<br \/><\/strong>Lorsque les utilisateurs envoient une demande de r\u00e9servation via le formulaire de contact ou de r\u00e9servation (Gravity Forms), les donn\u00e9es saisies (telles que le nom, l\u2019adresse e-mail, les dates souhait\u00e9es et le contenu du message) sont trait\u00e9es afin de r\u00e9pondre \u00e0 la demande.<\/p>\n<p>Base juridique : Article 6, paragraphe 1, point b du RGPD (mesures pr\u00e9contractuelles)<\/p>\n<p>Les donn\u00e9es sont conserv\u00e9es uniquement pendant la dur\u00e9e n\u00e9cessaire au traitement de la demande et conform\u00e9ment aux obligations l\u00e9gales de conservation.<\/p>\n<p><strong>5. Calendrier de disponibilit\u00e9<br \/><\/strong>Ce site utilise le plugin HBook exclusivement pour l\u2019affichage des disponibilit\u00e9s sous forme de calendrier. Aucune donn\u00e9e personnelle n\u2019est collect\u00e9e, trait\u00e9e ou stock\u00e9e via ce plugin.<\/p>\n<p><strong>6. Fichiers journaux du serveur<br \/><\/strong>Le fournisseur d\u2019h\u00e9bergement collecte automatiquement des informations dans des fichiers journaux du serveur, transmises par le navigateur. Il s\u2019agit notamment de :<\/p>\n<ul>\n<li>type et version du navigateur<\/li>\n<li>syst\u00e8me d\u2019exploitation<\/li>\n<li>URL de provenance<\/li>\n<li>nom d\u2019h\u00f4te de l\u2019appareil acc\u00e9dant au site<\/li>\n<li>date et heure de la requ\u00eate<\/li>\n<li>adresse IP<\/li>\n<\/ul>\n<p>Ces donn\u00e9es sont trait\u00e9es afin d\u2019assurer la s\u00e9curit\u00e9 et la stabilit\u00e9 technique du site Internet.<\/p>\n<p>Base juridique : Article 6, paragraphe 1, point f du RGPD (int\u00e9r\u00eat l\u00e9gitime)<\/p>\n<p><strong>7. Cookies<br \/><\/strong>Ce site utilise uniquement des cookies techniquement n\u00e9cessaires au bon fonctionnement du site Internet.\u00a0<br \/>Aucun cookie de suivi, d\u2019analyse ou de marketing n\u2019est utilis\u00e9.<br \/>Base juridique : Article 6, paragraphe 1, point f du RGPD<\/p>\n<p><strong>8. Chiffrement SSL<br \/><\/strong>Ce site utilise un chiffrement SSL afin de prot\u00e9ger la transmission de contenus confidentiels.<br \/>Une connexion s\u00e9curis\u00e9e est reconnaissable par la mention \u00ab https:\/\/ \u00bb dans la barre d\u2019adresse du navigateur.<\/p>\n<p><strong>9. Droits des personnes concern\u00e9es<br \/><\/strong>Les personnes concern\u00e9es disposent des droits suivants :<\/p>\n<ul>\n<li>droit d\u2019acc\u00e8s (article 15 RGPD)<\/li>\n<li>droit de rectification (article 16 RGPD)<\/li>\n<li>droit \u00e0 l\u2019effacement (article 17 RGPD)<\/li>\n<li>droit \u00e0 la limitation du traitement (article 18 RGPD)<\/li>\n<li>droit \u00e0 la portabilit\u00e9 des donn\u00e9es (article 20 RGPD)<\/li>\n<li>droit d\u2019opposition (article 21 RGPD)<\/li>\n<\/ul>\n<p>Toute demande peut \u00eatre adress\u00e9e par e-mail au responsable du traitement.<\/p>\n<p><strong>10. Autorit\u00e9 de contr\u00f4le<br \/><\/strong>Les personnes concern\u00e9es ont le droit d\u2019introduire une r\u00e9clamation aupr\u00e8s de l\u2019autorit\u00e9 de contr\u00f4le comp\u00e9tente :<\/p>\n<p>Comiss\u00e3o Nacional de Prote\u00e7\u00e3o de Dados (CNPD)<br \/>Portugal<\/p>\n<p><strong>11. Mise \u00e0 jour de la politique de confidentialit\u00e9<br \/><\/strong>La pr\u00e9sente politique de confidentialit\u00e9 peut \u00eatre modifi\u00e9e afin de rester conforme aux exigences l\u00e9gales et techniques en vigueur. La version en vigueur est celle publi\u00e9e sur le site Internet.<\/p>\n<p>[\/et_pb_text][\/et_pb_column][\/et_pb_row][\/et_pb_section]<\/p>\n","protected":false},"excerpt":{"rendered":"<p>Politique de confidentialit\u00e9 1. IntroductionLa pr\u00e9sente politique de confidentialit\u00e9 informe les utilisateurs sur la nature, l\u2019\u00e9tendue et les finalit\u00e9s du traitement des donn\u00e9es personnelles conform\u00e9ment au R\u00e8glement (UE) 2016\/679 (R\u00e8glement g\u00e9n\u00e9ral sur la protection des donn\u00e9es \u2013 RGPD). 2. Responsable du traitementLe responsable du traitement des donn\u00e9es sur ce site Internet est : Joia da [&hellip;]<\/p>\n","protected":false},"author":1,"featured_media":0,"parent":0,"menu_order":0,"comment_status":"closed","ping_status":"closed","template":"","meta":{"_et_pb_use_builder":"on","_et_pb_old_content":"","_et_gb_content_width":"","editor_notices":[],"footnotes":""},"class_list":["post-493","page","type-page","status-publish","hentry"],"yoast_head":"<!-- This site is optimized with the Yoast SEO plugin v27.2 - https:\/\/yoast.com\/product\/yoast-seo-wordpress\/ -->\n<title>Politique de confidentialit\u00e9 | Joia da Foia - Chambres d&#039;h\u00f4tes \u00e0 Monchique, au Portugal<\/title>\n<meta name=\"robots\" content=\"index, follow, max-snippet:-1, max-image-preview:large, max-video-preview:-1\" \/>\n<link rel=\"canonical\" href=\"https:\/\/joia-da-foia.com\/fr\/politique-de-confidentialite\/\" \/>\n<meta property=\"og:locale\" content=\"fr_FR\" \/>\n<meta property=\"og:type\" content=\"article\" \/>\n<meta property=\"og:title\" content=\"Politique de confidentialit\u00e9 | Joia da Foia - Chambres d&#039;h\u00f4tes \u00e0 Monchique, au Portugal\" \/>\n<meta property=\"og:description\" content=\"Politique de confidentialit\u00e9 1. IntroductionLa pr\u00e9sente politique de confidentialit\u00e9 informe les utilisateurs sur la nature, l\u2019\u00e9tendue et les finalit\u00e9s du traitement des donn\u00e9es personnelles conform\u00e9ment au R\u00e8glement (UE) 2016\/679 (R\u00e8glement g\u00e9n\u00e9ral sur la protection des donn\u00e9es \u2013 RGPD). 2. Responsable du traitementLe responsable du traitement des donn\u00e9es sur ce site Internet est : Joia da [&hellip;]\" \/>\n<meta property=\"og:url\" content=\"https:\/\/joia-da-foia.com\/fr\/politique-de-confidentialite\/\" \/>\n<meta property=\"og:site_name\" content=\"Joia da Foia - Chambres d&#039;h\u00f4tes \u00e0 Monchique, au Portugal\" \/>\n<meta property=\"article:modified_time\" content=\"2025-12-23T07:13:28+00:00\" \/>\n<meta name=\"twitter:card\" content=\"summary_large_image\" \/>\n<meta name=\"twitter:label1\" content=\"Dur\u00e9e de lecture estim\u00e9e\" \/>\n\t<meta name=\"twitter:data1\" content=\"4 minutes\" \/>\n<script type=\"application\/ld+json\" class=\"yoast-schema-graph\">{\"@context\":\"https:\/\/schema.org\",\"@graph\":[{\"@type\":\"WebPage\",\"@id\":\"https:\/\/joia-da-foia.com\/fr\/politique-de-confidentialite\/\",\"url\":\"https:\/\/joia-da-foia.com\/fr\/politique-de-confidentialite\/\",\"name\":\"Politique de confidentialit\u00e9 | Joia da Foia - Chambres d&#039;h\u00f4tes \u00e0 Monchique, au Portugal\",\"isPartOf\":{\"@id\":\"https:\/\/joia-da-foia.com\/fr\/#website\"},\"datePublished\":\"2020-07-07T10:27:04+00:00\",\"dateModified\":\"2025-12-23T07:13:28+00:00\",\"breadcrumb\":{\"@id\":\"https:\/\/joia-da-foia.com\/fr\/politique-de-confidentialite\/#breadcrumb\"},\"inLanguage\":\"fr-FR\",\"potentialAction\":[{\"@type\":\"ReadAction\",\"target\":[\"https:\/\/joia-da-foia.com\/fr\/politique-de-confidentialite\/\"]}]},{\"@type\":\"BreadcrumbList\",\"@id\":\"https:\/\/joia-da-foia.com\/fr\/politique-de-confidentialite\/#breadcrumb\",\"itemListElement\":[{\"@type\":\"ListItem\",\"position\":1,\"name\":\"Startseite\",\"item\":\"https:\/\/joia-da-foia.com\/fr\/\"},{\"@type\":\"ListItem\",\"position\":2,\"name\":\"Politique de confidentialit\u00e9\"}]},{\"@type\":\"WebSite\",\"@id\":\"https:\/\/joia-da-foia.com\/fr\/#website\",\"url\":\"https:\/\/joia-da-foia.com\/fr\/\",\"name\":\"Joia da Foia - Chambres d&#039;h\u00f4tes \u00e0 Monchique, au Portugal\",\"description\":\"Bed and Breakfast in Monchique (Portugal)\",\"publisher\":{\"@id\":\"https:\/\/joia-da-foia.com\/fr\/#organization\"},\"potentialAction\":[{\"@type\":\"SearchAction\",\"target\":{\"@type\":\"EntryPoint\",\"urlTemplate\":\"https:\/\/joia-da-foia.com\/fr\/?s={search_term_string}\"},\"query-input\":{\"@type\":\"PropertyValueSpecification\",\"valueRequired\":true,\"valueName\":\"search_term_string\"}}],\"inLanguage\":\"fr-FR\"},{\"@type\":\"Organization\",\"@id\":\"https:\/\/joia-da-foia.com\/fr\/#organization\",\"name\":\"B & B Joia-da-Foia\",\"url\":\"https:\/\/joia-da-foia.com\/fr\/\",\"logo\":{\"@type\":\"ImageObject\",\"inLanguage\":\"fr-FR\",\"@id\":\"https:\/\/joia-da-foia.com\/fr\/#\/schema\/logo\/image\/\",\"url\":\"https:\/\/joia-da-foia.com\/wp-content\/uploads\/2021\/10\/logo-joia-da-foia.png\",\"contentUrl\":\"https:\/\/joia-da-foia.com\/wp-content\/uploads\/2021\/10\/logo-joia-da-foia.png\",\"width\":300,\"height\":189,\"caption\":\"B & B Joia-da-Foia\"},\"image\":{\"@id\":\"https:\/\/joia-da-foia.com\/fr\/#\/schema\/logo\/image\/\"}}]}<\/script>\n<!-- \/ Yoast SEO plugin. -->","yoast_head_json":{"title":"Politique de confidentialit\u00e9 | Joia da Foia - Chambres d&#039;h\u00f4tes \u00e0 Monchique, au Portugal","robots":{"index":"index","follow":"follow","max-snippet":"max-snippet:-1","max-image-preview":"max-image-preview:large","max-video-preview":"max-video-preview:-1"},"canonical":"https:\/\/joia-da-foia.com\/fr\/politique-de-confidentialite\/","og_locale":"fr_FR","og_type":"article","og_title":"Politique de confidentialit\u00e9 | Joia da Foia - Chambres d&#039;h\u00f4tes \u00e0 Monchique, au Portugal","og_description":"Politique de confidentialit\u00e9 1. IntroductionLa pr\u00e9sente politique de confidentialit\u00e9 informe les utilisateurs sur la nature, l\u2019\u00e9tendue et les finalit\u00e9s du traitement des donn\u00e9es personnelles conform\u00e9ment au R\u00e8glement (UE) 2016\/679 (R\u00e8glement g\u00e9n\u00e9ral sur la protection des donn\u00e9es \u2013 RGPD). 2. Responsable du traitementLe responsable du traitement des donn\u00e9es sur ce site Internet est : Joia da [&hellip;]","og_url":"https:\/\/joia-da-foia.com\/fr\/politique-de-confidentialite\/","og_site_name":"Joia da Foia - Chambres d&#039;h\u00f4tes \u00e0 Monchique, au Portugal","article_modified_time":"2025-12-23T07:13:28+00:00","twitter_card":"summary_large_image","twitter_misc":{"Dur\u00e9e de lecture estim\u00e9e":"4 minutes"},"schema":{"@context":"https:\/\/schema.org","@graph":[{"@type":"WebPage","@id":"https:\/\/joia-da-foia.com\/fr\/politique-de-confidentialite\/","url":"https:\/\/joia-da-foia.com\/fr\/politique-de-confidentialite\/","name":"Politique de confidentialit\u00e9 | Joia da Foia - Chambres d&#039;h\u00f4tes \u00e0 Monchique, au Portugal","isPartOf":{"@id":"https:\/\/joia-da-foia.com\/fr\/#website"},"datePublished":"2020-07-07T10:27:04+00:00","dateModified":"2025-12-23T07:13:28+00:00","breadcrumb":{"@id":"https:\/\/joia-da-foia.com\/fr\/politique-de-confidentialite\/#breadcrumb"},"inLanguage":"fr-FR","potentialAction":[{"@type":"ReadAction","target":["https:\/\/joia-da-foia.com\/fr\/politique-de-confidentialite\/"]}]},{"@type":"BreadcrumbList","@id":"https:\/\/joia-da-foia.com\/fr\/politique-de-confidentialite\/#breadcrumb","itemListElement":[{"@type":"ListItem","position":1,"name":"Startseite","item":"https:\/\/joia-da-foia.com\/fr\/"},{"@type":"ListItem","position":2,"name":"Politique de confidentialit\u00e9"}]},{"@type":"WebSite","@id":"https:\/\/joia-da-foia.com\/fr\/#website","url":"https:\/\/joia-da-foia.com\/fr\/","name":"Joia da Foia - Chambres d&#039;h\u00f4tes \u00e0 Monchique, au Portugal","description":"Bed and Breakfast in Monchique (Portugal)","publisher":{"@id":"https:\/\/joia-da-foia.com\/fr\/#organization"},"potentialAction":[{"@type":"SearchAction","target":{"@type":"EntryPoint","urlTemplate":"https:\/\/joia-da-foia.com\/fr\/?s={search_term_string}"},"query-input":{"@type":"PropertyValueSpecification","valueRequired":true,"valueName":"search_term_string"}}],"inLanguage":"fr-FR"},{"@type":"Organization","@id":"https:\/\/joia-da-foia.com\/fr\/#organization","name":"B & B Joia-da-Foia","url":"https:\/\/joia-da-foia.com\/fr\/","logo":{"@type":"ImageObject","inLanguage":"fr-FR","@id":"https:\/\/joia-da-foia.com\/fr\/#\/schema\/logo\/image\/","url":"https:\/\/joia-da-foia.com\/wp-content\/uploads\/2021\/10\/logo-joia-da-foia.png","contentUrl":"https:\/\/joia-da-foia.com\/wp-content\/uploads\/2021\/10\/logo-joia-da-foia.png","width":300,"height":189,"caption":"B & B Joia-da-Foia"},"image":{"@id":"https:\/\/joia-da-foia.com\/fr\/#\/schema\/logo\/image\/"}}]}},"_links":{"self":[{"href":"https:\/\/joia-da-foia.com\/fr\/wp-json\/wp\/v2\/pages\/493","targetHints":{"allow":["GET"]}}],"collection":[{"href":"https:\/\/joia-da-foia.com\/fr\/wp-json\/wp\/v2\/pages"}],"about":[{"href":"https:\/\/joia-da-foia.com\/fr\/wp-json\/wp\/v2\/types\/page"}],"author":[{"embeddable":true,"href":"https:\/\/joia-da-foia.com\/fr\/wp-json\/wp\/v2\/users\/1"}],"replies":[{"embeddable":true,"href":"https:\/\/joia-da-foia.com\/fr\/wp-json\/wp\/v2\/comments?post=493"}],"version-history":[{"count":14,"href":"https:\/\/joia-da-foia.com\/fr\/wp-json\/wp\/v2\/pages\/493\/revisions"}],"predecessor-version":[{"id":800714,"href":"https:\/\/joia-da-foia.com\/fr\/wp-json\/wp\/v2\/pages\/493\/revisions\/800714"}],"wp:attachment":[{"href":"https:\/\/joia-da-foia.com\/fr\/wp-json\/wp\/v2\/media?parent=493"}],"curies":[{"name":"wp","href":"https:\/\/api.w.org\/{rel}","templated":true}]}}